{"id":2,"date":"2012-12-12T14:38:02","date_gmt":"2012-12-12T14:38:02","guid":{"rendered":"http:\/\/www.foto-stoebich.com\/de\/?page_id=2"},"modified":"2017-01-18T11:03:57","modified_gmt":"2017-01-18T10:03:57","slug":"impressum","status":"publish","type":"page","link":"http:\/\/www.foto-stoebich.com\/de\/impressum\/","title":{"rendered":"Impressum"},"content":{"rendered":"<div class=\"wpb-content-wrapper\"><p>[vc_row][vc_column][vc_column_text]<strong><br \/>\nAngaben gem\u00e4\u00df \u00a7 5 ECG:<\/strong><\/p>\n<h3>Inhaltlich Verantwortlich:<\/h3>\n<h3>Foto Stoebich e.U.<\/h3>\n<p>Siegfried St\u00f6bich<br \/>\nGartenweg 4\/2<br \/>\n4142 Hofkirchen im M\u00fchlkreis<br \/>\nAustria<\/p>\n<p><strong>Mobil:<\/strong> +43 660 1247766<br \/>\n<strong>Mail:<\/strong> stoebich@me.com<br \/>\n<span style=\"line-height: 1.5em;\"><strong>Web<\/strong>: www.foto-stoebich.com<\/span><\/p>\n<p>Umsatzsteueridentifikationsnummer<br \/>\n<strong>UID: ATU65565667<\/strong><\/p>\n<p>&nbsp;<\/p>\n<h3>URHEBERRECHT<\/h3>\n<p>Die auf dieser Website enthaltenen Fotos, bildlichen Darstellungen sowie Texte unterliegen weltweitem urheberrechtlichem Schutz. Jegliche Nutzung eines oder mehrerer dieser Abbildungen, insbesondere das Downloaden, die Bearbeitung und die Verbreitung f\u00fcr gewerbliche als auch f\u00fcr pers\u00f6nliche Zwecke sind nicht gestattet. Der Missbrauch, auch in Teilen, ist strafbar und wird auf Grundlage des UrhG \u00a7 97 + 106 zivil- und strafrechtlich verfolgt.<br \/>\nAlle innerhalb des Internetangebotes genannten und ggf. durch Dritte gesch\u00fctzten Marken- und Warenzeichen unterliegen uneingeschr\u00e4nkt den Bestimmungen des jeweils g\u00fcltigen Kennzeichenrechts und den Besitzrechten der jeweiligen eingetragenen Eigent\u00fcmer.<\/p>\n<h3>HAFTUNG F\u00dcR INHALTE<\/h3>\n<p>Die auf dieser Website enthaltenen Angaben werden nach bestem Wissen erstellt und mit gro\u00dfer Sorgfalt auf ihre Richtigkeit \u00fcberpr\u00fcft. Trotzdem sind inhaltliche und sachliche Fehler nicht vollst\u00e4ndig auszuschlie\u00dfen. \u00bbPaul liebt Paula\u00ab \u00fcbernimmt keinerlei Garantie und Haftung f\u00fcr die Richtigkeit, Aktualit\u00e4t und Vollst\u00e4ndigkeit der bereitgestellten Informationen. Alle Angaben sind ohne Gew\u00e4hr. Dies gilt auch f\u00fcr alle Links zu anderen URLs, die auf unserer Website genannt werden.<\/p>\n<h3>HAFTUNG F\u00dcR LINKS<\/h3>\n<p>Trotz sorgf\u00e4ltiger inhaltlicher Kontrolle \u00fcbernehmen wir keine Haftung f\u00fcr die Inhalte externer Links. F\u00fcr den Inhalt der verlinkten Seiten sind ausschlie\u00dflich deren Betreiber verantwortlich.<\/p>\n<h3>DATENSCHUTZ<\/h3>\n<p>Ihre pers\u00f6nlichen Daten werden selbstverst\u00e4ndlich vertraulich behandelt und nicht an Dritte weitergegeben.<\/p>\n<p>Diese Website benutzt Google Analytics, einen Webanalysedienst der Google Inc. Google Analytics verwendet sog. Cookies, Textdateien, die auf Ihrem Computer gespeichert werden und die eine Analyse der Benutzung der Website durch Sie erm\u00f6glicht. Die durch den Cookie erzeugten Informationen \u00fcber Ihre Benutzung diese Website (einschlie\u00dflich Ihrer IP-Adresse) wird an einen Server von Google in den USA \u00fcbertragen und dort gespeichert. Google wird diese Informationen benutzen, um Ihre Nutzung der Website auszuwerten, um Reports \u00fcber die Websiteaktivit\u00e4ten f\u00fcr die Websitebetreiber zusammenzustellen und um weitere mit der Websitenutzung und der Internetnutzung verbundene Dienstleistungen zu erbringen. Auch wird Google diese Informationen gegebenenfalls an Dritte \u00fcbertragen, sofern dies gesetzlich vorgeschrieben oder soweit Dritte diese Daten im Auftrag von Google verarbeiten. Google wird in keinem Fall Ihre IP-Adresse mit anderen Daten der Google in Verbindung bringen. Sie k\u00f6nnen die Installation der Cookies durch eine entsprechende Einstellung Ihrer Browser Software verhindern; wir weisen Sie jedoch darauf hin, dass Sie in diesem Fall gegebenenfalls nicht s\u00e4mtliche Funktionen dieser Website voll umf\u00e4nglich nutzen k\u00f6nnen. Durch die Nutzung dieser Website erkl\u00e4ren Sie sich mit der Bearbeitung der \u00fcber Sie erhobenen Daten durch Google in der zuvor beschriebenen Art und Weise und zu dem zuvor benannten Zweck einverstanden.<\/p>\n<p>Unser Internetauftritt verwendet Social Plugins des sozialen Netzwerkes facebook.com, welches von der Facebook Inc., 1601 S. California Ave, Palo Alto, CA 94304, USA betrieben wird. Die Plugins sind mit einem Facebook Logo oder dem Zusatz \u00bbFacebook Social Plugin\u00ab gekennzeichnet. Wenn Sie eine Webseite unseres Internetauftritts aufrufen, die ein solches Plugin enth\u00e4lt, baut Ihr Browser eine direkte Verbindung mit den Servern von Facebook auf. Der Inhalt des Plugins wird von Facebook direkt an Ihren Browser \u00fcbermittelt und von diesem in die Webseite eingebunden. Durch die Einbindung der Plugins erh\u00e4lt Facebook die Information, dass Sie die entsprechende Seite unseres Internetauftritts aufgerufen haben. Sind Sie bei Facebook eingeloggt kann Facebook den Besuch Ihrem Facebook-Konto zuordnen. Wenn Sie mit den Plugins interagieren, zum Beispiel den \u00bbGef\u00e4llt mir\u00ab Button bet\u00e4tigen oder einen Kommentar abgeben, wird die entsprechende Information von Ihrem Browser direkt an Facebook \u00fcbermittelt und dort gespeichert. Zweck und Umfang der Datenerhebung und die weitere Verarbeitung und Nutzung der Daten durch Facebook sowie Ihre diesbez\u00fcglichen Rechte und Einstellungsm\u00f6glichkeiten zum Schutz Ihrer Privatssph\u00e4re entnehmen Sie bitte den Datenschutzhinweisen von Facebook. Wenn Sie nicht m\u00f6chten, dass Facebook \u00fcber unseren Internetauftritt Daten \u00fcber Sie sammelt, m\u00fcssen Sie sich vor Ihrem Besuch unseres Internetauftritts bei Facebook ausloggen.[\/vc_column_text][\/vc_column][\/vc_row]<\/p>\n<\/div>","protected":false},"excerpt":{"rendered":"<p>[vc_row][vc_column][vc_column_text] Angaben gem\u00e4\u00df \u00a7 5 ECG: Inhaltlich Verantwortlich: Foto Stoebich e.U. Siegfried St\u00f6bich Gartenweg 4\/2 4142 Hofkirchen im M\u00fchlkreis Austria Mobil: +43 660 1247766 Mail: stoebich@me.com Web: www.foto-stoebich.com Umsatzsteueridentifikationsnummer UID: ATU65565667 &nbsp; URHEBERRECHT Die auf dieser Website enthaltenen Fotos, bildlichen Darstellungen sowie Texte unterliegen weltweitem urheberrechtlichem Schutz. Jegliche Nutzung eines oder mehrerer dieser Abbildungen, insbesondere&hellip;<\/p>\n","protected":false},"author":1,"featured_media":0,"parent":0,"menu_order":0,"comment_status":"closed","ping_status":"closed","template":"","meta":{"footnotes":""},"class_list":["post-2","page","type-page","status-publish","hentry","entry","no-media"],"_links":{"self":[{"href":"http:\/\/www.foto-stoebich.com\/de\/wp-json\/wp\/v2\/pages\/2","targetHints":{"allow":["GET"]}}],"collection":[{"href":"http:\/\/www.foto-stoebich.com\/de\/wp-json\/wp\/v2\/pages"}],"about":[{"href":"http:\/\/www.foto-stoebich.com\/de\/wp-json\/wp\/v2\/types\/page"}],"author":[{"embeddable":true,"href":"http:\/\/www.foto-stoebich.com\/de\/wp-json\/wp\/v2\/users\/1"}],"replies":[{"embeddable":true,"href":"http:\/\/www.foto-stoebich.com\/de\/wp-json\/wp\/v2\/comments?post=2"}],"version-history":[{"count":13,"href":"http:\/\/www.foto-stoebich.com\/de\/wp-json\/wp\/v2\/pages\/2\/revisions"}],"predecessor-version":[{"id":912,"href":"http:\/\/www.foto-stoebich.com\/de\/wp-json\/wp\/v2\/pages\/2\/revisions\/912"}],"wp:attachment":[{"href":"http:\/\/www.foto-stoebich.com\/de\/wp-json\/wp\/v2\/media?parent=2"}],"curies":[{"name":"wp","href":"https:\/\/api.w.org\/{rel}","templated":true}]}}